{"id":472,"date":"2018-07-04T17:06:41","date_gmt":"2018-07-04T15:06:41","guid":{"rendered":"https:\/\/www.seaservicenautica.info\/?page_id=472"},"modified":"2023-08-17T15:00:31","modified_gmt":"2023-08-17T13:00:31","slug":"bateaux-bwa-550m","status":"publish","type":"page","link":"https:\/\/www.seaservicenautica.info\/fr\/bateaux\/bateaux-bwa-550m\/","title":{"rendered":"Bateaux Bwa &#8211; 5,50m"},"content":{"rendered":"<h3>Bwa &#8211; mod\u00e8le sport 18&#8242;<\/h3>\n<p><b>Moteur: <\/b>40CV \/ 4 temps,<br \/>\n<b>Largeur: <\/b> 2,40 m<br \/>\n<b>Longueur: <\/b> 5,50 m<br \/>\n<b>Capacit\u00e9 r\u00e9servoir:<\/b> 37 l<br \/>\n<b>Equipment: <\/b> console compl\u00e8te, coussins complets avec cellules ferm\u00e9es, coffre proue, nez en fibre de verre, plates-formes arri\u00e8re int\u00e9gr\u00e9e, pompe de cale, banquette, dossier, bain de soleil, direction monocable.<\/p>\n<p><button class=\"btn btn-success\" type=\"button\">Conduire sans permis<\/button> <button class=\"btn btn-primary \" type=\"button\">Maximum 6 personnes<\/button><\/p>\n<h4>Tarifs<\/h4>\n<p><strong>Demi-journ\u00e9e<\/strong> (9:00-13:00 ou 14:00-18:00): \u20ac 150,00*<br \/>\n<strong>Journ\u00e9e enti\u00e8re<\/strong> (10:00-18:00): \u20ac 230,00*<br \/>\n<strong>auvent pour pare-soleil:<\/strong>\u00a0\u20ac 15,00<\/p>\n<p>* carburant exclu.<\/p>\n<p><em>Au moment du retrait du bateau est requis un d\u00e9p\u00f4t de \u20ac 200,00 qui sera retourn\u00e9 au retour du bateau.<\/em><\/p>\n<h3 style=\"text-align: center;\">Contactez-nous pour r\u00e9server votre bateau et passer une journ\u00e9e sp\u00e9ciale<\/h3>\n<ul class=\"contact-details\">\n<li style=\"list-style-type: none;\">\n<ul class=\"contact-details\">\n<li class=\"contact-detail\"><i class=\"fa fa-phone fa-2x\" aria-hidden=\"true\"><\/i> <span class=\"contact-detail-value\">347.6864949<\/span><\/li>\n<\/ul>\n<\/li>\n<\/ul>\n<ul class=\"contact-details\">\n<li class=\"contact-detail\"><i class=\"fa fa-phone fa-2x\" aria-hidden=\"true\"><\/i> <span class=\"contact-detail-value\">340.9785608<\/span><\/li>\n<\/ul>\n","protected":false},"excerpt":{"rendered":"<p>Moteur: 40 CV \/ 4Temps  <br \/>\nCapacit\u00e9 : 6 personnes<\/p>\n","protected":false},"author":5,"featured_media":391,"parent":464,"menu_order":0,"comment_status":"closed","ping_status":"closed","template":"","meta":{"footnotes":""},"class_list":["post-472","page","type-page","status-publish","has-post-thumbnail","hentry"],"_links":{"self":[{"href":"https:\/\/www.seaservicenautica.info\/fr\/wp-json\/wp\/v2\/pages\/472","targetHints":{"allow":["GET"]}}],"collection":[{"href":"https:\/\/www.seaservicenautica.info\/fr\/wp-json\/wp\/v2\/pages"}],"about":[{"href":"https:\/\/www.seaservicenautica.info\/fr\/wp-json\/wp\/v2\/types\/page"}],"author":[{"embeddable":true,"href":"https:\/\/www.seaservicenautica.info\/fr\/wp-json\/wp\/v2\/users\/5"}],"replies":[{"embeddable":true,"href":"https:\/\/www.seaservicenautica.info\/fr\/wp-json\/wp\/v2\/comments?post=472"}],"version-history":[{"count":10,"href":"https:\/\/www.seaservicenautica.info\/fr\/wp-json\/wp\/v2\/pages\/472\/revisions"}],"predecessor-version":[{"id":3266,"href":"https:\/\/www.seaservicenautica.info\/fr\/wp-json\/wp\/v2\/pages\/472\/revisions\/3266"}],"up":[{"embeddable":true,"href":"https:\/\/www.seaservicenautica.info\/fr\/wp-json\/wp\/v2\/pages\/464"}],"wp:featuredmedia":[{"embeddable":true,"href":"https:\/\/www.seaservicenautica.info\/fr\/wp-json\/wp\/v2\/media\/391"}],"wp:attachment":[{"href":"https:\/\/www.seaservicenautica.info\/fr\/wp-json\/wp\/v2\/media?parent=472"}],"curies":[{"name":"wp","href":"https:\/\/api.w.org\/{rel}","templated":true}]}}