{"id":468,"date":"2018-07-04T16:50:33","date_gmt":"2018-07-04T14:50:33","guid":{"rendered":"https:\/\/www.seaservicenautica.info\/?page_id=468"},"modified":"2023-08-01T16:38:22","modified_gmt":"2023-08-01T14:38:22","slug":"bateaux-bwa-750m","status":"publish","type":"page","link":"https:\/\/www.seaservicenautica.info\/fr\/bateaux\/bateaux-bwa-750m\/","title":{"rendered":"Bateaux Bwa &#8211; 7,50m"},"content":{"rendered":"<h3>Bwa &#8211; mod\u00e8le sport\u00a025&#8242;<\/h3>\n<p><b>Moteur: <\/b>225CV<br \/>\n<b>Largeur: <\/b> 3,08 m<br \/>\n<b>Longueur: <\/b> 7,51 m<br \/>\n<b>Capacit\u00e9 r\u00e9servoir:<\/b> 300 l<br \/>\n<b>Equipment: <\/b> console compl\u00e8te, coussins complets avec cellules ferm\u00e9es, coffre proue, nez en fibre de verre, plates-formes arri\u00e8re int\u00e9gr\u00e9e, pompe de cale, banquette, dossier, bain de soleil, direction monocable.<\/p>\n<p><button class=\"btn btn-warning\" type=\"button\">Conduire avec un permis de conduire<\/button> <button class=\"btn btn-primary \" type=\"button\">Maximum 12 personnes<\/button><\/p>\n<h4>Tarifs<\/h4>\n<p><strong>Journ\u00e9e enti\u00e8re<\/strong> (10:00-18:00): \u20ac 450,00*<br \/>\n<strong>auvent pour pare-soleil:<\/strong> \u20ac 15,00<\/p>\n<p>* carburant exclu.<\/p>\n<p><em>Au moment du retrait du bateau est requis un d\u00e9p\u00f4t de \u20ac 1000,00 qui sera retourn\u00e9 au retour du bateau.<\/em><\/p>\n<h3 style=\"text-align: center;\">Contactez-nous pour r\u00e9server votre bateau et passer une journ\u00e9e sp\u00e9ciale<\/h3>\n<ul class=\"contact-details\">\n<li class=\"contact-detail\"><i class=\"fa fa-phone fa-2x\" aria-hidden=\"true\"><\/i> <span class=\"contact-detail-value\">347.6864949<\/span><\/li>\n<li class=\"contact-detail\"><i class=\"fa fa-phone fa-2x\" aria-hidden=\"true\"><\/i> <span class=\"contact-detail-value\">340.9785608<\/span><\/li>\n<\/ul>\n","protected":false},"excerpt":{"rendered":"<p>Moteur: 225 CV <br \/>\nCapacit\u00e9 : 12 personnes<\/p>\n","protected":false},"author":5,"featured_media":393,"parent":464,"menu_order":0,"comment_status":"closed","ping_status":"closed","template":"templates\/full-width-page.php","meta":{"footnotes":""},"class_list":["post-468","page","type-page","status-publish","has-post-thumbnail","hentry"],"_links":{"self":[{"href":"https:\/\/www.seaservicenautica.info\/fr\/wp-json\/wp\/v2\/pages\/468","targetHints":{"allow":["GET"]}}],"collection":[{"href":"https:\/\/www.seaservicenautica.info\/fr\/wp-json\/wp\/v2\/pages"}],"about":[{"href":"https:\/\/www.seaservicenautica.info\/fr\/wp-json\/wp\/v2\/types\/page"}],"author":[{"embeddable":true,"href":"https:\/\/www.seaservicenautica.info\/fr\/wp-json\/wp\/v2\/users\/5"}],"replies":[{"embeddable":true,"href":"https:\/\/www.seaservicenautica.info\/fr\/wp-json\/wp\/v2\/comments?post=468"}],"version-history":[{"count":7,"href":"https:\/\/www.seaservicenautica.info\/fr\/wp-json\/wp\/v2\/pages\/468\/revisions"}],"predecessor-version":[{"id":3161,"href":"https:\/\/www.seaservicenautica.info\/fr\/wp-json\/wp\/v2\/pages\/468\/revisions\/3161"}],"up":[{"embeddable":true,"href":"https:\/\/www.seaservicenautica.info\/fr\/wp-json\/wp\/v2\/pages\/464"}],"wp:featuredmedia":[{"embeddable":true,"href":"https:\/\/www.seaservicenautica.info\/fr\/wp-json\/wp\/v2\/media\/393"}],"wp:attachment":[{"href":"https:\/\/www.seaservicenautica.info\/fr\/wp-json\/wp\/v2\/media?parent=468"}],"curies":[{"name":"wp","href":"https:\/\/api.w.org\/{rel}","templated":true}]}}