{"id":464,"date":"2018-07-04T12:39:12","date_gmt":"2018-07-04T10:39:12","guid":{"rendered":"https:\/\/www.seaservicenautica.info\/?page_id=464"},"modified":"2018-07-04T12:39:12","modified_gmt":"2018-07-04T10:39:12","slug":"bateaux","status":"publish","type":"page","link":"https:\/\/www.seaservicenautica.info\/fr\/bateaux\/","title":{"rendered":"Bateaux"},"content":{"rendered":"<div class=\"gommoni\"><div class=\"gommone gommone-472\"><div class=\"featured-img\"><a class=\"post-thumbnail\" title=\"Bateaux Bwa &#8211; 5,50m\"href=\"https:\/\/www.seaservicenautica.info\/fr\/bateaux\/bateaux-bwa-550m\/\"><img loading=\"lazy\" decoding=\"async\" width=\"1632\" height=\"1224\" src=\"https:\/\/www.seaservicenautica.info\/wp-content\/uploads\/2018\/05\/5.50_.jpeg\" class=\"attachment-full size-full wp-post-image\" alt=\"\" srcset=\"https:\/\/www.seaservicenautica.info\/wp-content\/uploads\/2018\/05\/5.50_.jpeg 1632w, https:\/\/www.seaservicenautica.info\/wp-content\/uploads\/2018\/05\/5.50_-1024x768.jpeg 1024w, https:\/\/www.seaservicenautica.info\/wp-content\/uploads\/2018\/05\/5.50_-768x576.jpeg 768w\" sizes=\"auto, (max-width: 1632px) 100vw, 1632px\" \/><\/a><\/div><div class=\"text\"><h3 class=\"title\"><a title=\"Bateaux Bwa &#8211; 5,50m\"href=\"https:\/\/www.seaservicenautica.info\/fr\/bateaux\/bateaux-bwa-550m\/\">Bateaux Bwa &#8211; 5,50m<\/a><\/h3><div class=\"desc\"><h4>Bwa - mod\u00e8le sport 18'<\/h4>\r\n<p><b>Moteur : <\/b>40CV \/ 4 Temps,<br>\r\n<b>Largeur: <\/b> 2,19 m<br>2,40 m<br>\r\n<b>Longueur: <\/b> 5,50 m<br>\r\n<b>Capacit\u00e9 r\u00e9servoir:<\/b> 37 l<br><b>Equipment: <\/b> console compl\u00e8te, coussins complets avec cellules ferm\u00e9es, coffre proue, nez en fibre de verre, plates-formes arri\u00e8re int\u00e9gr\u00e9e, pompe de cale, banquette, dossier, bain de soleil, direction monocable.<\/p>\r\n<button type=\"button\" class=\"btn btn-success\">Conduire sans permis<\/button>\r\n<button type=\"button\" class=\"btn btn-primary \">Maximum 6 personnes<\/button><\/div><div class=\"approff\"><a href=\"https:\/\/www.seaservicenautica.info\/fr\/bateaux\/bateaux-bwa-550m\/\"><button type=\"button\" class=\"btn btn-info btn-block\">Demander la disponibilit\u00e9<\/button><\/a><\/div><\/div><\/div><div class=\"clear\"><\/div><div class=\"gommone gommone-473\"><div class=\"featured-img\"><a class=\"post-thumbnail\" title=\"Bateaux Bwa &#8211; 5,10m\"href=\"https:\/\/www.seaservicenautica.info\/fr\/bateaux\/bateaux-bwa-510m\/\"><img loading=\"lazy\" decoding=\"async\" width=\"1280\" height=\"960\" src=\"https:\/\/www.seaservicenautica.info\/wp-content\/uploads\/2018\/05\/5.10_.jpeg\" class=\"attachment-full size-full wp-post-image\" alt=\"\" srcset=\"https:\/\/www.seaservicenautica.info\/wp-content\/uploads\/2018\/05\/5.10_.jpeg 1280w, https:\/\/www.seaservicenautica.info\/wp-content\/uploads\/2018\/05\/5.10_-1024x768.jpeg 1024w, https:\/\/www.seaservicenautica.info\/wp-content\/uploads\/2018\/05\/5.10_-768x576.jpeg 768w\" sizes=\"auto, (max-width: 1280px) 100vw, 1280px\" \/><\/a><\/div><div class=\"text\"><h3 class=\"title\"><a title=\"Bateaux Bwa &#8211; 5,10m\"href=\"https:\/\/www.seaservicenautica.info\/fr\/bateaux\/bateaux-bwa-510m\/\">Bateaux Bwa &#8211; 5,10m<\/a><\/h3><div class=\"desc\"><h4>Bwa - mod\u00e8le sport 17'<\/h4>\r\n<p><b>Moteur : <\/b>40CV \/ 4 Temps,<br>\r\n<b>Largeur: <\/b> 2,19 m<br><b>Longueur: <\/b> 5,10 m<br><b>Capacit\u00e9 r\u00e9servoir:<\/b> 30 l<br><b>Equipment: <\/b> console compl\u00e8te, coussins complets avec cellules ferm\u00e9es, coffre proue, nez en fibre de verre, plates-formes arri\u00e8re int\u00e9gr\u00e9e, pompe de cale, banquette, dossier, bain de soleil, direction monocable.<\/p>\r\n<button type=\"button\" class=\"btn btn-success\">Conduire sans permis<\/button>\r\n<button type=\"button\" class=\"btn btn-primary \">Maximum 5 personnes<\/button><\/div><div class=\"approff\"><a href=\"https:\/\/www.seaservicenautica.info\/fr\/bateaux\/bateaux-bwa-510m\/\"><button type=\"button\" class=\"btn btn-info btn-block\">Demander la disponibilit\u00e9<\/button><\/a><\/div><\/div><\/div><div class=\"clear\"><\/div><div class=\"gommone gommone-468\"><div class=\"featured-img\"><a class=\"post-thumbnail\" title=\"Bateaux Bwa &#8211; 7,50m\"href=\"https:\/\/www.seaservicenautica.info\/fr\/bateaux\/bateaux-bwa-750m\/\"><img loading=\"lazy\" decoding=\"async\" width=\"640\" height=\"480\" src=\"https:\/\/www.seaservicenautica.info\/wp-content\/uploads\/2018\/05\/7.50.jpeg\" class=\"attachment-full size-full wp-post-image\" alt=\"\" \/><\/a><\/div><div class=\"text\"><h3 class=\"title\"><a title=\"Bateaux Bwa &#8211; 7,50m\"href=\"https:\/\/www.seaservicenautica.info\/fr\/bateaux\/bateaux-bwa-750m\/\">Bateaux Bwa &#8211; 7,50m<\/a><\/h3><div class=\"desc\"><h4>Bwa - modello sport 25'<\/h4>\r\n<p><b>Motore : <\/b>225CV<br>\r\n<b>Larghezza: <\/b> 3,08 m<br><b>Lunghezza: <\/b> 7,51 m<br><b>Capacit\u00e0 serbatoio:<\/b> 300 l<br><b>Attrezzatura: <\/b> consolle completa, cuscineria completa a cellule chiuse, gavoni di prua a prendisole, musetto in VTR a prua, plancette a poppa integrate, pompa di sentina, sedile, rullo e prendisole a poppa, timoneria monocavo.<\/p>\r\n<button class=\"btn btn-warning\" type=\"button\">Guida con patente<\/button>\r\n<button class=\"btn btn-primary \" type=\"button\">Massimo 12 persone<\/button><\/div><div class=\"approff\"><a href=\"https:\/\/www.seaservicenautica.info\/fr\/bateaux\/bateaux-bwa-750m\/\"><button type=\"button\" class=\"btn btn-info btn-block\">Demander la disponibilit\u00e9<\/button><\/a><\/div><\/div><\/div><div class=\"clear\"><\/div><\/div><div class=\"clear\"><\/div>\n","protected":false},"excerpt":{"rendered":"","protected":false},"author":5,"featured_media":319,"parent":0,"menu_order":0,"comment_status":"closed","ping_status":"closed","template":"templates\/full-width-page.php","meta":{"footnotes":""},"class_list":["post-464","page","type-page","status-publish","has-post-thumbnail","hentry"],"_links":{"self":[{"href":"https:\/\/www.seaservicenautica.info\/fr\/wp-json\/wp\/v2\/pages\/464","targetHints":{"allow":["GET"]}}],"collection":[{"href":"https:\/\/www.seaservicenautica.info\/fr\/wp-json\/wp\/v2\/pages"}],"about":[{"href":"https:\/\/www.seaservicenautica.info\/fr\/wp-json\/wp\/v2\/types\/page"}],"author":[{"embeddable":true,"href":"https:\/\/www.seaservicenautica.info\/fr\/wp-json\/wp\/v2\/users\/5"}],"replies":[{"embeddable":true,"href":"https:\/\/www.seaservicenautica.info\/fr\/wp-json\/wp\/v2\/comments?post=464"}],"version-history":[{"count":1,"href":"https:\/\/www.seaservicenautica.info\/fr\/wp-json\/wp\/v2\/pages\/464\/revisions"}],"predecessor-version":[{"id":465,"href":"https:\/\/www.seaservicenautica.info\/fr\/wp-json\/wp\/v2\/pages\/464\/revisions\/465"}],"wp:featuredmedia":[{"embeddable":true,"href":"https:\/\/www.seaservicenautica.info\/fr\/wp-json\/wp\/v2\/media\/319"}],"wp:attachment":[{"href":"https:\/\/www.seaservicenautica.info\/fr\/wp-json\/wp\/v2\/media?parent=464"}],"curies":[{"name":"wp","href":"https:\/\/api.w.org\/{rel}","templated":true}]}}