{"id":461,"date":"2018-07-04T12:34:23","date_gmt":"2018-07-04T10:34:23","guid":{"rendered":"https:\/\/www.seaservicenautica.info\/?page_id=461"},"modified":"2018-07-04T12:34:52","modified_gmt":"2018-07-04T10:34:52","slug":"contatti","status":"publish","type":"page","link":"https:\/\/www.seaservicenautica.info\/fr\/contatti\/","title":{"rendered":"Contacts"},"content":{"rendered":"<h3>Comment nous contacter<\/h3>\n<p>&nbsp;<\/p>\n<div class=\"col-sm-12 col-md-6\">\n<p>Nous vous rappelons que pour louer les bateaux \u00e0 S&#8217;Archittu, il faut fixer un rendez-vous d&#8217;avance par t\u00e9l\u00e9phone.<\/p>\n<p>Suite \u00e0 nos contacts et \u00e0 c\u00f4t\u00e9 d&#8217;un formulaire pour nous contacter directement depuis le sito.<\/p>\n<ul class=\"contact-details\">\n<li class=\"contact-detail\"><i class=\"fa fa-phone fa-2x\" aria-hidden=\"true\"><\/i> <span class=\"contact-detail-value\">347.6864949<\/span><\/li>\n<li class=\"contact-detail\"><i class=\"fa fa-phone fa-2x\" aria-hidden=\"true\"><\/i> <span class=\"contact-detail-value\">340.9785608<\/span><\/li>\n<li class=\"contact-detail\"><i class=\"fa fa-envelope fa-2x\" aria-hidden=\"true\"><\/i> <a href=\"mailto: noleggio@seaservicenautica.info\"> <span class=\"contact-detail-value\">noleggio@seaservicenautica.info<\/span><br \/>\n<\/a><\/li>\n<\/ul>\n<\/div>\n<div class=\"col-sm-12 col-md-6\">\n<div class=\"wpcf7 no-js\" id=\"wpcf7-f321-o1\" lang=\"it-IT\" dir=\"ltr\">\n<div class=\"screen-reader-response\"><p role=\"status\" aria-live=\"polite\" aria-atomic=\"true\"><\/p> <ul><\/ul><\/div>\n<form action=\"\/fr\/wp-json\/wp\/v2\/pages\/461#wpcf7-f321-o1\" method=\"post\" class=\"wpcf7-form init\" aria-label=\"Modulo di contatto\" novalidate=\"novalidate\" data-status=\"init\">\n<div style=\"display: none;\">\n<input type=\"hidden\" name=\"_wpcf7\" value=\"321\" \/>\n<input type=\"hidden\" name=\"_wpcf7_version\" value=\"5.9.3\" \/>\n<input type=\"hidden\" name=\"_wpcf7_locale\" value=\"it_IT\" \/>\n<input type=\"hidden\" name=\"_wpcf7_unit_tag\" value=\"wpcf7-f321-o1\" \/>\n<input type=\"hidden\" name=\"_wpcf7_container_post\" value=\"0\" \/>\n<input type=\"hidden\" name=\"_wpcf7_posted_data_hash\" value=\"\" \/>\n<input type=\"hidden\" name=\"_wpcf7_recaptcha_response\" value=\"\" \/>\n<\/div>\n<p><label>Name and Surname*<br \/>\n<span class=\"wpcf7-form-control-wrap\" data-name=\"your-name\"><input size=\"40\" class=\"wpcf7-form-control wpcf7-text wpcf7-validates-as-required\" aria-required=\"true\" aria-invalid=\"false\" value=\"\" type=\"text\" name=\"your-name\" \/><\/span> <\/label>\n<\/p>\n<p><label>Email*<br \/>\n<span class=\"wpcf7-form-control-wrap\" data-name=\"your-email\"><input size=\"40\" class=\"wpcf7-form-control wpcf7-email wpcf7-validates-as-required wpcf7-text wpcf7-validates-as-email\" aria-required=\"true\" aria-invalid=\"false\" value=\"\" type=\"email\" name=\"your-email\" \/><\/span> <\/label>\n<\/p>\n<p><label>Telefono*<br \/>\n<span class=\"wpcf7-form-control-wrap\" data-name=\"your-telef\"><input size=\"40\" class=\"wpcf7-form-control wpcf7-text wpcf7-validates-as-required\" aria-required=\"true\" aria-invalid=\"false\" value=\"\" type=\"text\" name=\"your-telef\" \/><\/span> <\/label>\n<\/p>\n<p><label> Il tuo messaggio<br \/>\n<span class=\"wpcf7-form-control-wrap\" data-name=\"your-message\"><textarea cols=\"40\" rows=\"5\" class=\"wpcf7-form-control wpcf7-textarea\" aria-invalid=\"false\" name=\"your-message\"><\/textarea><\/span> <\/label>\n<\/p>\n<p><label><span class=\"wpcf7-form-control-wrap\" data-name=\"acceptance-757\"><span class=\"wpcf7-form-control wpcf7-acceptance\"><span class=\"wpcf7-list-item\"><label><input type=\"checkbox\" name=\"acceptance-757\" value=\"1\" aria-invalid=\"false\" \/><span class=\"wpcf7-list-item-label\">Dichiaro di aver letto <a href=\"privacy-policy\">l'informativa privacy<\/a> e acconsento al trattamento dei miei dati in merito alla mia richiesta.<\/span><\/label><\/span><\/span><\/span><\/label>\n<\/p>\n<p><label>\n\t<\/label>\n<\/p>\n<p><input class=\"wpcf7-form-control wpcf7-submit has-spinner\" type=\"submit\" value=\"Invia\" \/>\n<\/p><div class=\"wpcf7-response-output\" aria-hidden=\"true\"><\/div>\n<\/form>\n<\/div>\n<\/div>\n<div class=\"clear\"><\/div>\n<h3>Comment nous rejoindre<\/h3>\n<p><strong>Sea Service<\/strong> se trouve sur la plage de Putzu Idu, en Sardaigne (Italie), au nord de la r\u00e9gion du Sinis, \u00e0 environ 25 km d&#8217; Oristano, \u00e0 deux heures des a\u00e9roports de Cagliari et Alghero.<\/p>\n<p>Putzu Idu est un village sur la mer de la municipalit\u00e9 de San Vero Milis (OR). Pour atteindre la localit\u00e9 il faut parcourir la Route nationale 292 (\u00e0 nord-ouest de la Sardaigne) jusqu&#8217;au kilom\u00e8tre 116-117, o\u00f9 on tourne vers la c\u00f4te sur la route d\u00e9partementale 10. Apr\u00e8s 11 km, toujours tout droit, vous arrivez au village, et sur la droite vous trouvez imm\u00e9diatement la plage. Sea Service a sa position stable, o\u00f9 les bateaux sont pr\u00eats pour \u00eatre lou\u00e9s, au centre de la plage, en direction de Mandriola.<\/p>\n<div class=\"mappa\"><iframe loading=\"lazy\" style=\"border: 0;\" src=\"https:\/\/www.google.com\/maps\/embed?pb=!1m14!1m8!1m3!1d97741.74273293623!2d8.408638!3d40.043516!3m2!1i1024!2i768!4f13.1!3m3!1m2!1s0x12dd0b68524efdff%3A0x2f01033e4958ded!2s09070+Putzu+Idu+OR!5e0!3m2!1sit!2sit!4v1529664246327\" width=\"600\" height=\"450\" frameborder=\"0\" allowfullscreen=\"allowfullscreen\" data-mce-fragment=\"1\"><\/iframe><\/div>\n","protected":false},"excerpt":{"rendered":"<p>Comment nous contacter &nbsp; Nous vous rappelons que pour louer les bateaux \u00e0 S&#8217;Archittu, il faut fixer un rendez-vous d&#8217;avance par t\u00e9l\u00e9phone. Suite \u00e0 nos contacts et \u00e0 c\u00f4t\u00e9 d&#8217;un formulaire pour nous contacter directement depuis le sito. 347.6864949 340.9785608 noleggio@seaservicenautica.info Comment nous rejoindre Sea Service se trouve sur la&#8230;<\/p>\n","protected":false},"author":5,"featured_media":0,"parent":0,"menu_order":0,"comment_status":"closed","ping_status":"closed","template":"templates\/full-width-page.php","meta":{"footnotes":""},"class_list":["post-461","page","type-page","status-publish","hentry"],"_links":{"self":[{"href":"https:\/\/www.seaservicenautica.info\/fr\/wp-json\/wp\/v2\/pages\/461","targetHints":{"allow":["GET"]}}],"collection":[{"href":"https:\/\/www.seaservicenautica.info\/fr\/wp-json\/wp\/v2\/pages"}],"about":[{"href":"https:\/\/www.seaservicenautica.info\/fr\/wp-json\/wp\/v2\/types\/page"}],"author":[{"embeddable":true,"href":"https:\/\/www.seaservicenautica.info\/fr\/wp-json\/wp\/v2\/users\/5"}],"replies":[{"embeddable":true,"href":"https:\/\/www.seaservicenautica.info\/fr\/wp-json\/wp\/v2\/comments?post=461"}],"version-history":[{"count":2,"href":"https:\/\/www.seaservicenautica.info\/fr\/wp-json\/wp\/v2\/pages\/461\/revisions"}],"predecessor-version":[{"id":463,"href":"https:\/\/www.seaservicenautica.info\/fr\/wp-json\/wp\/v2\/pages\/461\/revisions\/463"}],"wp:attachment":[{"href":"https:\/\/www.seaservicenautica.info\/fr\/wp-json\/wp\/v2\/media?parent=461"}],"curies":[{"name":"wp","href":"https:\/\/api.w.org\/{rel}","templated":true}]}}