{"id":317,"date":"2018-05-04T11:47:44","date_gmt":"2018-05-04T09:47:44","guid":{"rendered":"https:\/\/www.seaservicenautica.info\/chi-siamo\/"},"modified":"2018-07-16T12:42:45","modified_gmt":"2018-07-16T10:42:45","slug":"qui-nous-sommes","status":"publish","type":"page","link":"https:\/\/www.seaservicenautica.info\/fr\/qui-nous-sommes\/","title":{"rendered":"Qui nous sommes"},"content":{"rendered":"<p>Depuis 2003\u00a0<strong>Sea Service\u00a0<\/strong><strong>loue des bateaux pneumatiques<\/strong>\u00a0sur la c\u00f4te\u00a0Oristanese<strong>, en Sardaigne<\/strong>\u00a0(Italie), avec son point de base situ\u00e9 sur la plage de Putzu Idu. La plage est parmi la plus pittoresque et riches en services touristiques de la zone. Elle est situ\u00e9 dans une position strat\u00e9gique qui permet de naviguer tout au long de la c\u00f4te ouest centrale de la Sardaigne. En particulier, il sera possible d&#8217;explorer la zone marine prot\u00e9g\u00e9e du Sinis et d&#8217;atteindre l&#8217;\u00eele de Mal di Ventre, un paradis intact qui se trouve \u00e0 4,5 miles de navigation de notre position.<\/p>\n<p>Dans l&#8217;\u00e9quipe de\u00a0<strong>Sea Service<\/strong>\u00a0il y a des personnes exp\u00e9riment\u00e9es dans la navigation, qui connaissent profond\u00e9ment le territoire environnant. Ils sont \u00e0 la disposition des clients pour leur donner des conseils et pour leur pr\u00eater assistance.\u00a0<strong>Sea Service<\/strong>\u00a0est active toute l&#8217;ann\u00e9e (pendant la basse saison il faut r\u00e9server d&#8217;avance).<\/p>\n<p>&nbsp;<\/p>\n<p>&nbsp;<\/p>\n<style id=\"bwg-style-0\">    #bwg_container1_0 #bwg_container2_0 .bwg-container-0.bwg-standard-thumbnails {      width: 1404px;              justify-content: center;        margin:0 auto !important;              background-color: rgba(255, 255, 255, 0.00);            padding-left: 4px;      padding-top: 4px;      max-width: 100%;            }        #bwg_container1_0 #bwg_container2_0 .bwg-container-0.bwg-standard-thumbnails .bwg-item {    justify-content: flex-start;      max-width: 350px;          }    #bwg_container1_0 #bwg_container2_0 .bwg-container-0.bwg-standard-thumbnails .bwg-item a {       margin-right: 4px;       margin-bottom: 4px;    }    #bwg_container1_0 #bwg_container2_0 .bwg-container-0.bwg-standard-thumbnails .bwg-item0 {      padding: 0px;            background-color:rgba(255,255,255, 0.30);      border: 0px none #CCCCCC;      opacity: 1.00;      border-radius: 0;      box-shadow: ;    }    #bwg_container1_0 #bwg_container2_0 .bwg-container-0.bwg-standard-thumbnails .bwg-item1 img {      max-height: none;      max-width: none;      padding: 0 !important;    }         @media only screen and (min-width: 480px) {\t\t#bwg_container1_0 #bwg_container2_0 .bwg-container-0.bwg-standard-thumbnails .bwg-item1 img {\t\t\t-webkit-transition: all .3s; transition: all .3s;\t\t}\t\t#bwg_container1_0 #bwg_container2_0 .bwg-container-0.bwg-standard-thumbnails .bwg-item1 img:hover {\t\t\t-ms-transform: scale(1.08);\t\t\t-webkit-transform: scale(1.08);\t\t\ttransform: scale(1.08);\t\t}\t\t      }\t    #bwg_container1_0 #bwg_container2_0 .bwg-container-0.bwg-standard-thumbnails .bwg-item1 {      padding-top: 85.714285714286%;    }        #bwg_container1_0 #bwg_container2_0 .bwg-container-0.bwg-standard-thumbnails .bwg-title2,    #bwg_container1_0 #bwg_container2_0 .bwg-container-0.bwg-standard-thumbnails .bwg-ecommerce2 {      color: #CCCCCC;      font-family: Ubuntu;      font-size: 16px;      font-weight: bold;      padding: 2px;      text-shadow: 0px 0px 0px #888888;      max-height: 100%;    }    #bwg_container1_0 #bwg_container2_0 .bwg-container-0.bwg-standard-thumbnails .bwg-thumb-description span {    color: #323A45;    font-family: Ubuntu;    font-size: 12px;    max-height: 100%;    word-wrap: break-word;    }    #bwg_container1_0 #bwg_container2_0 .bwg-container-0.bwg-standard-thumbnails .bwg-play-icon2 {      font-size: 32px;    }    #bwg_container1_0 #bwg_container2_0 .bwg-container-0.bwg-standard-thumbnails .bwg-ecommerce2 {      font-size: 19.2px;      color: #CCCCCC;    }    <\/style>    <div id=\"bwg_container1_0\"         class=\"bwg_container bwg_thumbnail bwg_thumbnails \"         data-right-click-protection=\"0\"         data-bwg=\"0\"         data-scroll=\"0\"         data-gallery-type=\"thumbnails\"         data-gallery-view-type=\"thumbnails\"         data-current-url=\"\/fr\/wp-json\/wp\/v2\/pages\/317\"         data-lightbox-url=\"https:\/\/www.seaservicenautica.info\/wp-admin\/admin-ajax.php?action=GalleryBox&#038;current_view=0&#038;gallery_id=1&#038;tag=0&#038;theme_id=1&#038;shortcode_id=2&#038;sort_by=casual&#038;order_by=asc&#038;current_url=%2Ffr%2Fwp-json%2Fwp%2Fv2%2Fpages%2F317\"         data-gallery-id=\"1\"         data-popup-width=\"800\"         data-popup-height=\"500\"         data-is-album=\"gallery\"         data-buttons-position=\"bottom\">      <div id=\"bwg_container2_0\">             <div id=\"ajax_loading_0\" class=\"bwg_loading_div_1\">      <div class=\"bwg_loading_div_2\">        <div class=\"bwg_loading_div_3\">          <div id=\"loading_div_0\" class=\"bwg_spider_ajax_loading\">          <\/div>        <\/div>      <\/div>    <\/div>            <form id=\"gal_front_form_0\"              class=\"bwg-hidden\"              method=\"post\"              action=\"#\"              data-current=\"0\"              data-shortcode-id=\"2\"              data-gallery-type=\"thumbnails\"              data-gallery-id=\"1\"              data-tag=\"0\"              data-album-id=\"0\"              data-theme-id=\"1\"              data-ajax-url=\"https:\/\/www.seaservicenautica.info\/wp-admin\/admin-ajax.php?action=bwg_frontend_data\">          <div id=\"bwg_container3_0\" class=\"bwg-background bwg-background-0\">                <div data-max-count=\"4\"         data-thumbnail-width=\"350\"         data-bwg=\"0\"         data-gallery-id=\"1\"         data-lightbox-url=\"https:\/\/www.seaservicenautica.info\/wp-admin\/admin-ajax.php?action=GalleryBox&amp;current_view=0&amp;gallery_id=1&amp;tag=0&amp;theme_id=1&amp;shortcode_id=2&amp;sort_by=casual&amp;order_by=asc&amp;current_url=%2Ffr%2Fwp-json%2Fwp%2Fv2%2Fpages%2F317\"         id=\"bwg_thumbnails_0\"         class=\"bwg-container-0 bwg-thumbnails bwg-standard-thumbnails bwg-container bwg-border-box\">            <div class=\"bwg-item\">        <a class=\"bwg-a  bwg_lightbox\"  data-image-id=\"3\" href=\"https:\/\/www.seaservicenautica.info\/wp-content\/uploads\/photo-gallery\/imported_from_media_libray\/IMG_20160910.jpg\" data-elementor-open-lightbox=\"no\">                <div class=\"bwg-item0 \">          <div class=\"bwg-item1 \">            <div class=\"bwg-item2\">              <img decoding=\"async\" class=\"skip-lazy bwg_standart_thumb_img_0 \"                   data-id=\"3\"                   data-width=\"\"                   data-height=\"\"                   data-src=\"https:\/\/www.seaservicenautica.info\/wp-content\/uploads\/photo-gallery\/imported_from_media_libray\/thumb\/IMG_20160910.jpg\"                   src=\"https:\/\/www.seaservicenautica.info\/wp-content\/uploads\/photo-gallery\/imported_from_media_libray\/thumb\/IMG_20160910.jpg\"                   alt=\"IMG_20160910\"                   title=\"IMG_20160910\" \/>            <\/div>            <div class=\"\">                                                      <\/div>          <\/div>        <\/div>                        <\/a>              <\/div>            <div class=\"bwg-item\">        <a class=\"bwg-a  bwg_lightbox\"  data-image-id=\"8\" href=\"https:\/\/www.seaservicenautica.info\/wp-content\/uploads\/photo-gallery\/imported_from_media_libray\/slide1-1.png\" data-elementor-open-lightbox=\"no\">                <div class=\"bwg-item0 \">          <div class=\"bwg-item1 \">            <div class=\"bwg-item2\">              <img decoding=\"async\" class=\"skip-lazy bwg_standart_thumb_img_0 \"                   data-id=\"8\"                   data-width=\"\"                   data-height=\"\"                   data-src=\"https:\/\/www.seaservicenautica.info\/wp-content\/uploads\/photo-gallery\/imported_from_media_libray\/thumb\/slide1-1.png\"                   src=\"https:\/\/www.seaservicenautica.info\/wp-content\/uploads\/photo-gallery\/imported_from_media_libray\/thumb\/slide1-1.png\"                   alt=\"slide1\"                   title=\"slide1\" \/>            <\/div>            <div class=\"\">                                                      <\/div>          <\/div>        <\/div>                        <\/a>              <\/div>            <div class=\"bwg-item\">        <a class=\"bwg-a  bwg_lightbox\"  data-image-id=\"1\" href=\"https:\/\/www.seaservicenautica.info\/wp-content\/uploads\/photo-gallery\/imported_from_media_libray\/IMG-20160910-WA0022.jpg\" data-elementor-open-lightbox=\"no\">                <div class=\"bwg-item0 \">          <div class=\"bwg-item1 \">            <div class=\"bwg-item2\">              <img decoding=\"async\" class=\"skip-lazy bwg_standart_thumb_img_0 \"                   data-id=\"1\"                   data-width=\"\"                   data-height=\"\"                   data-src=\"https:\/\/www.seaservicenautica.info\/wp-content\/uploads\/photo-gallery\/imported_from_media_libray\/thumb\/IMG-20160910-WA0022.jpg\"                   src=\"https:\/\/www.seaservicenautica.info\/wp-content\/uploads\/photo-gallery\/imported_from_media_libray\/thumb\/IMG-20160910-WA0022.jpg\"                   alt=\"IMG-20160910-WA0022\"                   title=\"IMG-20160910-WA0022\" \/>            <\/div>            <div class=\"\">                                                      <\/div>          <\/div>        <\/div>                        <\/a>              <\/div>            <div class=\"bwg-item\">        <a class=\"bwg-a  bwg_lightbox\"  data-image-id=\"5\" href=\"https:\/\/www.seaservicenautica.info\/wp-content\/uploads\/photo-gallery\/imported_from_media_libray\/Foghe-Scogliere-selvagge-tra-cabu-nieddu-e-foghe.jpg\" data-elementor-open-lightbox=\"no\">                <div class=\"bwg-item0 \">          <div class=\"bwg-item1 \">            <div class=\"bwg-item2\">              <img decoding=\"async\" class=\"skip-lazy bwg_standart_thumb_img_0 \"                   data-id=\"5\"                   data-width=\"\"                   data-height=\"\"                   data-src=\"https:\/\/www.seaservicenautica.info\/wp-content\/uploads\/photo-gallery\/imported_from_media_libray\/thumb\/Foghe-Scogliere-selvagge-tra-cabu-nieddu-e-foghe.jpg\"                   src=\"https:\/\/www.seaservicenautica.info\/wp-content\/uploads\/photo-gallery\/imported_from_media_libray\/thumb\/Foghe-Scogliere-selvagge-tra-cabu-nieddu-e-foghe.jpg\"                   alt=\"Foghe-Scogliere-selvagge-tra-cabu-nieddu-e-foghe\"                   title=\"Foghe-Scogliere-selvagge-tra-cabu-nieddu-e-foghe\" \/>            <\/div>            <div class=\"\">                                                      <\/div>          <\/div>        <\/div>                        <\/a>              <\/div>            <div class=\"bwg-item\">        <a class=\"bwg-a  bwg_lightbox\"  data-image-id=\"2\" href=\"https:\/\/www.seaservicenautica.info\/wp-content\/uploads\/photo-gallery\/imported_from_media_libray\/header.jpg\" data-elementor-open-lightbox=\"no\">                <div class=\"bwg-item0 \">          <div class=\"bwg-item1 \">            <div class=\"bwg-item2\">              <img decoding=\"async\" class=\"skip-lazy bwg_standart_thumb_img_0 \"                   data-id=\"2\"                   data-width=\"\"                   data-height=\"\"                   data-src=\"https:\/\/www.seaservicenautica.info\/wp-content\/uploads\/photo-gallery\/imported_from_media_libray\/thumb\/header.jpg\"                   src=\"https:\/\/www.seaservicenautica.info\/wp-content\/uploads\/photo-gallery\/imported_from_media_libray\/thumb\/header.jpg\"                   alt=\"header\"                   title=\"header\" \/>            <\/div>            <div class=\"\">                                                      <\/div>          <\/div>        <\/div>                        <\/a>              <\/div>            <div class=\"bwg-item\">        <a class=\"bwg-a  bwg_lightbox\"  data-image-id=\"9\" href=\"https:\/\/www.seaservicenautica.info\/wp-content\/uploads\/photo-gallery\/imported_from_media_libray\/5.10_.jpeg\" data-elementor-open-lightbox=\"no\">                <div class=\"bwg-item0 \">          <div class=\"bwg-item1 \">            <div class=\"bwg-item2\">              <img decoding=\"async\" class=\"skip-lazy bwg_standart_thumb_img_0 \"                   data-id=\"9\"                   data-width=\"\"                   data-height=\"\"                   data-src=\"https:\/\/www.seaservicenautica.info\/wp-content\/uploads\/photo-gallery\/imported_from_media_libray\/thumb\/5.10_.jpeg\"                   src=\"https:\/\/www.seaservicenautica.info\/wp-content\/uploads\/photo-gallery\/imported_from_media_libray\/thumb\/5.10_.jpeg\"                   alt=\"5.10_\"                   title=\"5.10_\" \/>            <\/div>            <div class=\"\">                                                      <\/div>          <\/div>        <\/div>                        <\/a>              <\/div>            <div class=\"bwg-item\">        <a class=\"bwg-a  bwg_lightbox\"  data-image-id=\"4\" href=\"https:\/\/www.seaservicenautica.info\/wp-content\/uploads\/photo-gallery\/imported_from_media_libray\/IMG_20160910_113054.jpg\" data-elementor-open-lightbox=\"no\">                <div class=\"bwg-item0 \">          <div class=\"bwg-item1 \">            <div class=\"bwg-item2\">              <img decoding=\"async\" class=\"skip-lazy bwg_standart_thumb_img_0 \"                   data-id=\"4\"                   data-width=\"\"                   data-height=\"\"                   data-src=\"https:\/\/www.seaservicenautica.info\/wp-content\/uploads\/photo-gallery\/imported_from_media_libray\/thumb\/IMG_20160910_113054.jpg\"                   src=\"https:\/\/www.seaservicenautica.info\/wp-content\/uploads\/photo-gallery\/imported_from_media_libray\/thumb\/IMG_20160910_113054.jpg\"                   alt=\"IMG_20160910_113054\"                   title=\"IMG_20160910_113054\" \/>            <\/div>            <div class=\"\">                                                      <\/div>          <\/div>        <\/div>                        <\/a>              <\/div>            <div class=\"bwg-item\">        <a class=\"bwg-a  bwg_lightbox\"  data-image-id=\"6\" href=\"https:\/\/www.seaservicenautica.info\/wp-content\/uploads\/photo-gallery\/imported_from_media_libray\/5.50_.jpeg\" data-elementor-open-lightbox=\"no\">                <div class=\"bwg-item0 \">          <div class=\"bwg-item1 \">            <div class=\"bwg-item2\">              <img decoding=\"async\" class=\"skip-lazy bwg_standart_thumb_img_0 \"                   data-id=\"6\"                   data-width=\"\"                   data-height=\"\"                   data-src=\"https:\/\/www.seaservicenautica.info\/wp-content\/uploads\/photo-gallery\/imported_from_media_libray\/thumb\/5.50_.jpeg\"                   src=\"https:\/\/www.seaservicenautica.info\/wp-content\/uploads\/photo-gallery\/imported_from_media_libray\/thumb\/5.50_.jpeg\"                   alt=\"5.50_\"                   title=\"5.50_\" \/>            <\/div>            <div class=\"\">                                                      <\/div>          <\/div>        <\/div>                        <\/a>              <\/div>          <\/div>              <\/div>        <\/form>        <style>          #bwg_container1_0 #bwg_container2_0 #spider_popup_overlay_0 {          background-color: #EEEEEE;          opacity: 0.60;          }          <\/style>        <div id=\"bwg_spider_popup_loading_0\" class=\"bwg_spider_popup_loading\"><\/div>        <div id=\"spider_popup_overlay_0\" class=\"spider_popup_overlay\" onclick=\"spider_destroypopup(1000)\"><\/div>        <input type=\"hidden\" id=\"bwg_random_seed_0\" value=\"264675626\">                <\/div>    <\/div>    <script>      if (document.readyState === 'complete') {        if( typeof bwg_main_ready == 'function' ) {          if ( jQuery(\"#bwg_container1_0\").height() ) {            bwg_main_ready(jQuery(\"#bwg_container1_0\"));          }        }      } else {        document.addEventListener('DOMContentLoaded', function() {          if( typeof bwg_main_ready == 'function' ) {            if ( jQuery(\"#bwg_container1_0\").height() ) {             bwg_main_ready(jQuery(\"#bwg_container1_0\"));            }          }        });      }    <\/script>    \n","protected":false},"excerpt":{"rendered":"<p>Dans l&#8217;\u00e9quipe de\u00a0<strong>Sea Service<\/strong>\u00a0il y a des personnes exp\u00e9riment\u00e9es dans la navigation, qui connaissent profond\u00e9ment le territoire environnant. Ils sont \u00e0 la disposition des clients pour leur donner des conseils et pour leur pr\u00eater assistance.\u00a0<strong>Sea Service<\/strong>\u00a0est active toute l&#8217;ann\u00e9e (pendant la basse saison il faut r\u00e9server d&#8217;avance).<\/p>\n","protected":false},"author":5,"featured_media":319,"parent":0,"menu_order":0,"comment_status":"closed","ping_status":"closed","template":"templates\/full-width-page.php","meta":{"footnotes":""},"class_list":["post-317","page","type-page","status-publish","has-post-thumbnail","hentry"],"_links":{"self":[{"href":"https:\/\/www.seaservicenautica.info\/fr\/wp-json\/wp\/v2\/pages\/317","targetHints":{"allow":["GET"]}}],"collection":[{"href":"https:\/\/www.seaservicenautica.info\/fr\/wp-json\/wp\/v2\/pages"}],"about":[{"href":"https:\/\/www.seaservicenautica.info\/fr\/wp-json\/wp\/v2\/types\/page"}],"author":[{"embeddable":true,"href":"https:\/\/www.seaservicenautica.info\/fr\/wp-json\/wp\/v2\/users\/5"}],"replies":[{"embeddable":true,"href":"https:\/\/www.seaservicenautica.info\/fr\/wp-json\/wp\/v2\/comments?post=317"}],"version-history":[{"count":3,"href":"https:\/\/www.seaservicenautica.info\/fr\/wp-json\/wp\/v2\/pages\/317\/revisions"}],"predecessor-version":[{"id":548,"href":"https:\/\/www.seaservicenautica.info\/fr\/wp-json\/wp\/v2\/pages\/317\/revisions\/548"}],"wp:featuredmedia":[{"embeddable":true,"href":"https:\/\/www.seaservicenautica.info\/fr\/wp-json\/wp\/v2\/media\/319"}],"wp:attachment":[{"href":"https:\/\/www.seaservicenautica.info\/fr\/wp-json\/wp\/v2\/media?parent=317"}],"curies":[{"name":"wp","href":"https:\/\/api.w.org\/{rel}","templated":true}]}}